{"id":37,"date":"2023-11-21T10:17:21","date_gmt":"2023-11-21T10:17:21","guid":{"rendered":"https:\/\/fratelliferrara.it\/?page_id=37"},"modified":"2023-11-21T11:11:43","modified_gmt":"2023-11-21T11:11:43","slug":"la-nostra-storia","status":"publish","type":"page","link":"https:\/\/fratelliferrara.it\/index.php\/la-nostra-storia\/","title":{"rendered":"La nostra storia"},"content":{"rendered":"\n<p>La Fratelli Ferrara SRL nasce nel 1975 e grazie alla sua esperienza conquistata sul campo e avvalendosi di nuove tecnologie \u00e8 riuscita ad affermarsi sul mercato internazionale sia per la produzione di Nastri in lamiera Forati che di Tubi forati di diametro dai 12 mm ai 250 mm.<\/p>\n\n\n\n<p>La politica aziendale \u00e8 quella di mettere al centro i clienti fornendo prodotti di qualit\u00e0 seguiti con professionalit\u00e0 e competenza.<\/p>\n\n\n\n<div class=\"wp-block-media-text is-stacked-on-mobile\" style=\"grid-template-columns:52% auto\"><figure class=\"wp-block-media-text__media\"><img loading=\"lazy\" decoding=\"async\" width=\"1024\" height=\"768\" src=\"https:\/\/fratelliferrara.it\/wp-content\/uploads\/2023\/11\/IMG_5286-1024x768.jpg\" alt=\"\" class=\"wp-image-38 size-full\" srcset=\"https:\/\/fratelliferrara.it\/wp-content\/uploads\/2023\/11\/IMG_5286-1024x768.jpg 1024w, https:\/\/fratelliferrara.it\/wp-content\/uploads\/2023\/11\/IMG_5286-300x225.jpg 300w, https:\/\/fratelliferrara.it\/wp-content\/uploads\/2023\/11\/IMG_5286-768x576.jpg 768w, https:\/\/fratelliferrara.it\/wp-content\/uploads\/2023\/11\/IMG_5286-1536x1152.jpg 1536w, https:\/\/fratelliferrara.it\/wp-content\/uploads\/2023\/11\/IMG_5286.jpg 2016w\" sizes=\"auto, (max-width: 1024px) 100vw, 1024px\" \/><\/figure><div class=\"wp-block-media-text__content\">\n<p>L&#8217;azienda ha al proprio interno un reparto di attrezzature all&#8217;avanguardia in grado di soddisfare in tempi brevissimi ogni esigenza, in modo da ridurre in maniera drastica i tempi di consegna del prodotto finito. Lo stabilimento si estende su un\u2019area di circa 4.000 m\u00b2, di cui 2.000 m\u00b2 sono coperti. Al suo interno si distinguono 2 reparti, uno atto alla produzione di nastri di lamiera perforata e l\u2019altro alla produzione di tubi perforati . <\/p>\n<\/div><\/div>\n\n\n\n<p> <\/p>\n\n\n\n<p>La nostra azienda, oltre ad offrire una vasta gamma di produzioni Standard, \u00e8 in grado di realizzare l\u2019attrezzatura necessaria alla produzione particolare seguendo il progetto del cliente, cos\u00ec da soddisfare ogni esigenza. <\/p>\n\n\n\n<p>Dal 2023, una nuova linea di taglio Laser Tubo affiancata ad una precedente linea di taglio laser del 2021 ha ampliato il parco macchine, permettendoci di garantire tagli su scatolati precisi e personalizzati per piccoli e grandi lotti.<\/p>\n\n\n\n<figure class=\"wp-block-image size-large\"><img loading=\"lazy\" decoding=\"async\" width=\"1024\" height=\"577\" src=\"https:\/\/fratelliferrara.it\/wp-content\/uploads\/2023\/11\/cropped-IMG_5141-1024x577.jpg\" alt=\"\" class=\"wp-image-18\" srcset=\"https:\/\/fratelliferrara.it\/wp-content\/uploads\/2023\/11\/cropped-IMG_5141-1024x577.jpg 1024w, https:\/\/fratelliferrara.it\/wp-content\/uploads\/2023\/11\/cropped-IMG_5141-300x169.jpg 300w, https:\/\/fratelliferrara.it\/wp-content\/uploads\/2023\/11\/cropped-IMG_5141-768x432.jpg 768w, https:\/\/fratelliferrara.it\/wp-content\/uploads\/2023\/11\/cropped-IMG_5141-1536x865.jpg 1536w, https:\/\/fratelliferrara.it\/wp-content\/uploads\/2023\/11\/cropped-IMG_5141.jpg 2016w\" sizes=\"auto, (max-width: 1024px) 100vw, 1024px\" \/><\/figure>\n\n\n\n<p> La Fratelli Ferrara SRL \u00e8 attenta anche alla salvaguardia dell\u2019ambiente: dal 2011 dispone di un impianto fotovoltaico da 115 KW a copertura dello stabilimento per il fabbisogno produttivo che riduce notevolmente l\u2019impatto negativo sull\u2019ambiente circostante. <\/p>\n\n\n\n<p><\/p>\n\n\n\n<figure class=\"wp-block-image size-full\"><img loading=\"lazy\" decoding=\"async\" width=\"802\" height=\"809\" src=\"https:\/\/fratelliferrara.it\/wp-content\/uploads\/2023\/11\/fotovoltaico.jpg\" alt=\"\" class=\"wp-image-49\" srcset=\"https:\/\/fratelliferrara.it\/wp-content\/uploads\/2023\/11\/fotovoltaico.jpg 802w, https:\/\/fratelliferrara.it\/wp-content\/uploads\/2023\/11\/fotovoltaico-297x300.jpg 297w, https:\/\/fratelliferrara.it\/wp-content\/uploads\/2023\/11\/fotovoltaico-150x150.jpg 150w, https:\/\/fratelliferrara.it\/wp-content\/uploads\/2023\/11\/fotovoltaico-768x775.jpg 768w\" sizes=\"auto, (max-width: 802px) 100vw, 802px\" \/><\/figure>\n","protected":false},"excerpt":{"rendered":"<p>La Fratelli Ferrara SRL nasce nel 1975 e grazie alla sua esperienza conquistata sul campo e avvalendosi di nuove tecnologie \u00e8 riuscita ad affermarsi sul mercato internazionale sia per la produzione di Nastri in lamiera Forati che di Tubi forati di diametro dai 12 mm ai 250 mm. La politica aziendale \u00e8 quella di mettere [&hellip;]<\/p>\n","protected":false},"author":1,"featured_media":0,"parent":0,"menu_order":0,"comment_status":"closed","ping_status":"closed","template":"","meta":{"footnotes":""},"class_list":["post-37","page","type-page","status-publish","hentry"],"_links":{"self":[{"href":"https:\/\/fratelliferrara.it\/index.php\/wp-json\/wp\/v2\/pages\/37","targetHints":{"allow":["GET"]}}],"collection":[{"href":"https:\/\/fratelliferrara.it\/index.php\/wp-json\/wp\/v2\/pages"}],"about":[{"href":"https:\/\/fratelliferrara.it\/index.php\/wp-json\/wp\/v2\/types\/page"}],"author":[{"embeddable":true,"href":"https:\/\/fratelliferrara.it\/index.php\/wp-json\/wp\/v2\/users\/1"}],"replies":[{"embeddable":true,"href":"https:\/\/fratelliferrara.it\/index.php\/wp-json\/wp\/v2\/comments?post=37"}],"version-history":[{"count":5,"href":"https:\/\/fratelliferrara.it\/index.php\/wp-json\/wp\/v2\/pages\/37\/revisions"}],"predecessor-version":[{"id":312,"href":"https:\/\/fratelliferrara.it\/index.php\/wp-json\/wp\/v2\/pages\/37\/revisions\/312"}],"wp:attachment":[{"href":"https:\/\/fratelliferrara.it\/index.php\/wp-json\/wp\/v2\/media?parent=37"}],"curies":[{"name":"wp","href":"https:\/\/api.w.org\/{rel}","templated":true}]}}